{"id":5841,"date":"2025-03-03T20:34:25","date_gmt":"2025-03-03T19:34:25","guid":{"rendered":"https:\/\/m2apartners.cz\/real-estate\/"},"modified":"2025-03-27T17:04:16","modified_gmt":"2025-03-27T16:04:16","slug":"real-estate","status":"publish","type":"page","link":"https:\/\/m2apartners.cz\/en\/services\/real-estate\/","title":{"rendered":"Real Estate"},"content":{"rendered":"<p>[et_pb_section fb_built=&#8221;1&#8243; _builder_version=&#8221;4.27.4&#8243; _module_preset=&#8221;default&#8221; background_color=&#8221;rgba(8,37,68,0.73)&#8221; background_image=&#8221;https:\/\/m2apartners.cz\/wp-content\/uploads\/2022\/08\/header-image-6.jpg&#8221; background_blend=&#8221;color-dodge&#8221; z_index=&#8221;2&#8243; custom_margin=&#8221;||-170px||false|false&#8221; custom_padding=&#8221;||110px||false|false&#8221; global_colors_info=&#8221;{}&#8221;][et_pb_row _builder_version=&#8221;4.27.4&#8243; _module_preset=&#8221;default&#8221; global_colors_info=&#8221;{}&#8221;][et_pb_column type=&#8221;4_4&#8243; _builder_version=&#8221;4.27.4&#8243; _module_preset=&#8221;default&#8221; global_colors_info=&#8221;{}&#8221;][et_pb_text _builder_version=&#8221;4.27.4&#8243; _module_preset=&#8221;default&#8221; header_font=&#8221;|800|||||||&#8221; header_text_align=&#8221;center&#8221; header_text_color=&#8221;#FFFFFF&#8221; hover_enabled=&#8221;0&#8243; global_colors_info=&#8221;{}&#8221; content_last_edited=&#8221;on|phone&#8221; sticky_enabled=&#8221;0&#8243; content_phone=&#8221;<\/p>\n<h1><img src=%22https:\/\/m2apartners.cz\/wp-content\/uploads\/2025\/03\/008-placeholder.svg%22 width=%2250%22 height=%2250%22 alt=%22%22 class=%22wp-image-4345 alignnone size-medium%22>  Real Estate<\/h1>\n<p>&#8221; content_tablet=&#8221;<\/p>\n<h1><img src=%22https:\/\/m2apartners.cz\/wp-content\/uploads\/2025\/03\/008-placeholder.svg%22 width=%2280%22 height=%2280%22 alt=%22%22 class=%22wp-image-4345 alignnone size-medium%22>  Real Estate<\/h1>\n<p>&#8220;]<\/p>\n<h1><img loading=\"lazy\" decoding=\"async\" src=\"https:\/\/m2apartners.cz\/wp-content\/uploads\/2025\/03\/008-placeholder.svg\" width=\"80\" height=\"80\" alt=\"\" class=\"wp-image-4345 alignnone size-medium\">  Real Estate<\/h1>\n<p>[\/et_pb_text][\/et_pb_column][\/et_pb_row][\/et_pb_section][et_pb_section fb_built=&#8221;1&#8243; _builder_version=&#8221;4.27.4&#8243; _module_preset=&#8221;default&#8221; background_color=&#8221;#FFFFFF&#8221; global_colors_info=&#8221;{}&#8221;][et_pb_row _builder_version=&#8221;4.27.4&#8243; _module_preset=&#8221;default&#8221; background_color=&#8221;#FFFFFF&#8221; z_index=&#8221;3&#8243; border_radii=&#8221;on|15px|15px|15px|15px&#8221; box_shadow_style=&#8221;preset3&#8243; global_colors_info=&#8221;{}&#8221;][et_pb_column type=&#8221;4_4&#8243; _builder_version=&#8221;4.27.4&#8243; _module_preset=&#8221;default&#8221; global_colors_info=&#8221;{}&#8221;][et_pb_text content_tablet=&#8221;<\/p>\n<h3>What is real estate?<\/h3>\n<p>&#8221; content_phone=&#8221;<\/p>\n<h3>What is real estate?<\/h3>\n<p>&#8221; content_last_edited=&#8221;on|phone&#8221; _builder_version=&#8221;4.27.4&#8243; _module_preset=&#8221;default&#8221; header_3_font=&#8221;|600|||||||&#8221; header_3_text_align=&#8221;center&#8221; header_3_font_size=&#8221;32px&#8221; hover_enabled=&#8221;0&#8243; global_colors_info=&#8221;{}&#8221; sticky_enabled=&#8221;0&#8243; header_3_font_size_last_edited=&#8221;on|phone&#8221; header_3_font_size_phone=&#8221;26px&#8221; header_3_font_size_tablet=&#8221;32px&#8221;]<\/p>\n<h3>What is real estate?<\/h3>\n<p>[\/et_pb_text][et_pb_image src=&#8221;https:\/\/m2apartners.cz\/wp-content\/uploads\/\/2025\/03\/divider.svg&#8221; title_text=&#8221;divider&#8221; align=&#8221;center&#8221; _builder_version=&#8221;4.27.4&#8243; _module_preset=&#8221;default&#8221; global_colors_info=&#8221;{}&#8221;][\/et_pb_image][et_pb_text _builder_version=&#8221;4.27.4&#8243; _module_preset=&#8221;default&#8221; text_orientation=&#8221;center&#8221; custom_padding=&#8221;|235px||235px|false|true&#8221; custom_padding_tablet=&#8221;|20px||20px|false|true&#8221; custom_padding_phone=&#8221;|20px||20px|false|true&#8221; custom_padding_last_edited=&#8221;on|phone&#8221; global_colors_info=&#8221;{}&#8221;]<\/p>\n<p>All services and transactions relating to real estate (i.e. land, buildings, units) as a whole or in parts, typically demarcation of units by a declaration of ownership or their changes (conversions, extensions, etc.), settlement of co-ownership and SJM, transfers (purchase, donation) or representation in related disputes.<\/p>\n<p>[\/et_pb_text][\/et_pb_column][\/et_pb_row][\/et_pb_section][et_pb_section fb_built=&#8221;1&#8243; _builder_version=&#8221;4.27.4&#8243; _module_preset=&#8221;default&#8221; custom_padding=&#8221;0px||||false|false&#8221; global_colors_info=&#8221;{}&#8221;][et_pb_row _builder_version=&#8221;4.27.4&#8243; _module_preset=&#8221;default&#8221; custom_padding=&#8221;0px||||false|false&#8221; locked=&#8221;off&#8221; global_colors_info=&#8221;{}&#8221;][et_pb_column type=&#8221;4_4&#8243; _builder_version=&#8221;4.27.4&#8243; _module_preset=&#8221;default&#8221; global_colors_info=&#8221;{}&#8221;][et_pb_text _builder_version=&#8221;4.27.4&#8243; _module_preset=&#8221;default&#8221; text_font=&#8221;|||on|||||&#8221; text_letter_spacing=&#8221;2px&#8221; text_orientation=&#8221;center&#8221; custom_margin=&#8221;||0px||false|false&#8221; global_colors_info=&#8221;{}&#8221;]<\/p>\n<p><span style=\"color: #cab956;\"><b>The most common use<\/b><\/span><\/p>\n<p>[\/et_pb_text][et_pb_text content_tablet=&#8221;<\/p>\n<h3>Who is this service particularly suitable for?<\/h3>\n<p>&#8221; content_phone=&#8221;<\/p>\n<h3>Who is this service particularly suitable for?<\/h3>\n<p>&#8221; content_last_edited=&#8221;on|phone&#8221; _builder_version=&#8221;4.27.4&#8243; _module_preset=&#8221;default&#8221; header_3_font=&#8221;|600|||||||&#8221; header_3_text_align=&#8221;center&#8221; header_3_font_size=&#8221;32px&#8221; hover_enabled=&#8221;0&#8243; global_colors_info=&#8221;{}&#8221; sticky_enabled=&#8221;0&#8243; header_3_font_size_last_edited=&#8221;on|phone&#8221; header_3_font_size_phone=&#8221;26px&#8221; header_3_font_size_tablet=&#8221;32px&#8221;]<\/p>\n<h3>Who is this service particularly suitable for?<\/h3>\n<p>[\/et_pb_text][\/et_pb_column][\/et_pb_row][et_pb_row column_structure=&#8221;1_6,1_6,1_6,1_6,1_6,1_6&#8243; _builder_version=&#8221;4.27.4&#8243; _module_preset=&#8221;default&#8221; max_width=&#8221;1000px&#8221; custom_padding=&#8221;10px||||false|false&#8221; global_colors_info=&#8221;{}&#8221;][et_pb_column type=&#8221;1_6&#8243; _builder_version=&#8221;4.27.4&#8243; _module_preset=&#8221;default&#8221; global_colors_info=&#8221;{}&#8221;][et_pb_blurb image=&#8221;https:\/\/m2apartners.cz\/wp-content\/uploads\/\/2025\/03\/icon-service-item-8-1.svg&#8221; _builder_version=&#8221;4.27.4&#8243; _module_preset=&#8221;default&#8221; header_font=&#8221;|600|||||||&#8221; header_text_color=&#8221;#000000&#8243; body_font=&#8221;|600|||||||&#8221; body_text_color=&#8221;#000000&#8243; body_font_size=&#8221;18px&#8221; text_orientation=&#8221;center&#8221; global_colors_info=&#8221;{}&#8221;]<\/p>\n<p>Developers<\/p>\n<p>[\/et_pb_blurb][\/et_pb_column][et_pb_column type=&#8221;1_6&#8243; _builder_version=&#8221;4.27.4&#8243; _module_preset=&#8221;default&#8221; global_colors_info=&#8221;{}&#8221;][et_pb_blurb image=&#8221;https:\/\/m2apartners.cz\/wp-content\/uploads\/\/2025\/03\/icon-service-item-9-1.svg&#8221; _builder_version=&#8221;4.27.4&#8243; _module_preset=&#8221;default&#8221; header_font=&#8221;|600|||||||&#8221; header_text_color=&#8221;#000000&#8243; body_font=&#8221;|600|||||||&#8221; body_text_color=&#8221;#000000&#8243; body_font_size=&#8221;18px&#8221; text_orientation=&#8221;center&#8221; global_colors_info=&#8221;{}&#8221;]<\/p>\n<p>Real estate agents<\/p>\n<p>[\/et_pb_blurb][\/et_pb_column][et_pb_column type=&#8221;1_6&#8243; _builder_version=&#8221;4.27.4&#8243; _module_preset=&#8221;default&#8221; global_colors_info=&#8221;{}&#8221;][et_pb_blurb image=&#8221;https:\/\/m2apartners.cz\/wp-content\/uploads\/\/2025\/03\/icon-service-item-10-1.svg&#8221; _builder_version=&#8221;4.27.4&#8243; _module_preset=&#8221;default&#8221; header_font=&#8221;|600|||||||&#8221; header_text_color=&#8221;#000000&#8243; body_font=&#8221;|600|||||||&#8221; body_text_color=&#8221;#000000&#8243; body_font_size=&#8221;18px&#8221; text_orientation=&#8221;center&#8221; global_colors_info=&#8221;{}&#8221;]<\/p>\n<p>Property owners and co-owners<\/p>\n<p>[\/et_pb_blurb][\/et_pb_column][et_pb_column type=&#8221;1_6&#8243; _builder_version=&#8221;4.27.4&#8243; _module_preset=&#8221;default&#8221; global_colors_info=&#8221;{}&#8221;][et_pb_blurb image=&#8221;https:\/\/m2apartners.cz\/wp-content\/uploads\/\/2025\/03\/icon-service-item-11-1.svg&#8221; _builder_version=&#8221;4.27.4&#8243; _module_preset=&#8221;default&#8221; header_font=&#8221;|600|||||||&#8221; header_text_color=&#8221;#000000&#8243; body_font=&#8221;|600|||||||&#8221; body_text_color=&#8221;#000000&#8243; body_font_size=&#8221;18px&#8221; text_orientation=&#8221;center&#8221; global_colors_info=&#8221;{}&#8221;]<\/p>\n<p>Landlords and tenants of real estate<\/p>\n<p>[\/et_pb_blurb][\/et_pb_column][et_pb_column type=&#8221;1_6&#8243; _builder_version=&#8221;4.27.4&#8243; _module_preset=&#8221;default&#8221; global_colors_info=&#8221;{}&#8221;][et_pb_blurb image=&#8221;https:\/\/m2apartners.cz\/wp-content\/uploads\/\/2025\/03\/icon-service-item-12-1.svg&#8221; _builder_version=&#8221;4.27.4&#8243; _module_preset=&#8221;default&#8221; header_font=&#8221;|600|||||||&#8221; header_text_color=&#8221;#000000&#8243; body_font=&#8221;|600|||||||&#8221; body_text_color=&#8221;#000000&#8243; body_font_size=&#8221;18px&#8221; text_orientation=&#8221;center&#8221; global_colors_info=&#8221;{}&#8221;]<\/p>\n<p>Housing cooperatives<\/p>\n<p>[\/et_pb_blurb][\/et_pb_column][et_pb_column type=&#8221;1_6&#8243; _builder_version=&#8221;4.27.4&#8243; _module_preset=&#8221;default&#8221; global_colors_info=&#8221;{}&#8221;][et_pb_blurb image=&#8221;https:\/\/m2apartners.cz\/wp-content\/uploads\/\/2025\/03\/icon-service-item-13-1.svg&#8221; _builder_version=&#8221;4.27.4&#8243; _module_preset=&#8221;default&#8221; header_font=&#8221;|600|||||||&#8221; header_text_color=&#8221;#000000&#8243; body_font=&#8221;|600|||||||&#8221; body_text_color=&#8221;#000000&#8243; body_font_size=&#8221;18px&#8221; text_orientation=&#8221;center&#8221; global_colors_info=&#8221;{}&#8221;]<\/p>\n<p>Community of unit owners<\/p>\n<p>[\/et_pb_blurb][\/et_pb_column][\/et_pb_row][\/et_pb_section][et_pb_section fb_built=&#8221;1&#8243; _builder_version=&#8221;4.27.4&#8243; _module_preset=&#8221;default&#8221; custom_padding=&#8221;0px||0px||true|false&#8221; global_colors_info=&#8221;{}&#8221;][et_pb_row _builder_version=&#8221;4.27.4&#8243; _module_preset=&#8221;default&#8221; custom_padding=&#8221;0px||||false|false&#8221; locked=&#8221;off&#8221; global_colors_info=&#8221;{}&#8221;][et_pb_column type=&#8221;4_4&#8243; _builder_version=&#8221;4.27.4&#8243; _module_preset=&#8221;default&#8221; global_colors_info=&#8221;{}&#8221;][et_pb_text _builder_version=&#8221;4.27.4&#8243; _module_preset=&#8221;default&#8221; text_font=&#8221;|||on|||||&#8221; text_letter_spacing=&#8221;2px&#8221; text_orientation=&#8221;center&#8221; custom_margin=&#8221;||0px||false|false&#8221; global_colors_info=&#8221;{}&#8221;]<\/p>\n<p><span style=\"color: #cab956;\"><b>Typical services<\/b><\/span><\/p>\n<p>[\/et_pb_text][et_pb_text content_tablet=&#8221;<\/p>\n<h3>V\u00a0oblasti nemovitost\u00ed poskytuje na\u0161e kancel\u00e1\u0159 nej\u010dast\u011bji n\u00e1sleduj\u00edc\u00ed slu\u017eby:<\/h3>\n<p>&#8221; content_phone=&#8221;<\/p>\n<h3>V\u00a0oblasti nemovitost\u00ed poskytuje na\u0161e kancel\u00e1\u0159 nej\u010dast\u011bji n\u00e1sleduj\u00edc\u00ed slu\u017eby:<\/h3>\n<p>&#8221; content_last_edited=&#8221;on|phone&#8221; _builder_version=&#8221;4.27.4&#8243; _module_preset=&#8221;default&#8221; header_3_font=&#8221;|600|||||||&#8221; header_3_text_align=&#8221;center&#8221; header_3_font_size=&#8221;32px&#8221; max_width=&#8221;800px&#8221; module_alignment=&#8221;center&#8221; hover_enabled=&#8221;0&#8243; global_colors_info=&#8221;{}&#8221; sticky_enabled=&#8221;0&#8243; header_3_font_size_last_edited=&#8221;on|phone&#8221; header_3_font_size_phone=&#8221;26px&#8221; header_3_font_size_tablet=&#8221;32px&#8221;]<\/p>\n<h3>In the field of real estate, our office most often provides the following services:<\/h3>\n<p>[\/et_pb_text][\/et_pb_column][\/et_pb_row][et_pb_row column_structure=&#8221;1_2,1_2&#8243; _builder_version=&#8221;4.27.4&#8243; _module_preset=&#8221;default&#8221; max_width=&#8221;1000px&#8221; global_colors_info=&#8221;{}&#8221;][et_pb_column type=&#8221;1_2&#8243; _builder_version=&#8221;4.27.4&#8243; _module_preset=&#8221;default&#8221; global_colors_info=&#8221;{}&#8221;][et_pb_blurb image=&#8221;https:\/\/m2apartners.cz\/wp-content\/uploads\/\/2025\/03\/icon-checkmark.svg&#8221; icon_placement=&#8221;left&#8221; image_icon_width=&#8221;18px&#8221; _builder_version=&#8221;4.27.4&#8243; _module_preset=&#8221;default&#8221; body_text_color=&#8221;#000000&#8243; custom_margin=&#8221;||8px||false|false&#8221; global_colors_info=&#8221;{}&#8221;]<\/p>\n<p>demarcation of new units by so-called owner&#8217;s declaration<\/p>\n<p>[\/et_pb_blurb][et_pb_blurb image=&#8221;https:\/\/m2apartners.cz\/wp-content\/uploads\/\/2025\/03\/icon-checkmark.svg&#8221; icon_placement=&#8221;left&#8221; image_icon_width=&#8221;18px&#8221; _builder_version=&#8221;4.27.4&#8243; _module_preset=&#8221;default&#8221; body_text_color=&#8221;#000000&#8243; custom_margin=&#8221;||8px||false|false&#8221; global_colors_info=&#8221;{}&#8221;]<\/p>\n<p>Changes to existing owner&#8217;s declarations accepted under the Housing Act and the NZO<\/p>\n<p>[\/et_pb_blurb][\/et_pb_column][et_pb_column type=&#8221;1_2&#8243; _builder_version=&#8221;4.27.4&#8243; _module_preset=&#8221;default&#8221; global_colors_info=&#8221;{}&#8221;][et_pb_blurb image=&#8221;https:\/\/m2apartners.cz\/wp-content\/uploads\/\/2025\/03\/icon-checkmark.svg&#8221; icon_placement=&#8221;left&#8221; image_icon_width=&#8221;18px&#8221; _builder_version=&#8221;4.27.4&#8243; _module_preset=&#8221;default&#8221; body_text_color=&#8221;#000000&#8243; custom_margin=&#8221;||8px||false|false&#8221; global_colors_info=&#8221;{}&#8221;]<\/p>\n<p>complete transaction support (due diligence, preparation or review of contractual documentation, attorney&#8217;s custody of the purchase price)<\/p>\n<p>[\/et_pb_blurb][et_pb_blurb image=&#8221;https:\/\/m2apartners.cz\/wp-content\/uploads\/\/2025\/03\/icon-checkmark.svg&#8221; icon_placement=&#8221;left&#8221; image_icon_width=&#8221;18px&#8221; _builder_version=&#8221;4.27.4&#8243; _module_preset=&#8221;default&#8221; body_text_color=&#8221;#000000&#8243; custom_margin=&#8221;||8px||false|false&#8221; global_colors_info=&#8221;{}&#8221;]<\/p>\n<p>representation in deposit proceedings before the cadastral office<\/p>\n<p>[\/et_pb_blurb][\/et_pb_column][\/et_pb_row][\/et_pb_section]<\/p>\n","protected":false},"excerpt":{"rendered":"<p>Real EstateWhat is real estate?All services and transactions relating to real estate (i.e. land, buildings, units) as a whole or in parts, typically demarcation of units by a declaration of ownership or their changes (conversions, extensions, etc.), settlement of co-ownership and SJM, transfers (purchase, donation) or representation in related disputes.The most common useWho is this [&hellip;]<\/p>\n","protected":false},"author":1,"featured_media":0,"parent":5842,"menu_order":0,"comment_status":"closed","ping_status":"closed","template":"","meta":{"_et_pb_use_builder":"on","_et_pb_old_content":"","_et_gb_content_width":"","inline_featured_image":false,"footnotes":""},"class_list":["post-5841","page","type-page","status-publish","hentry"],"yoast_head":"<!-- This site is optimized with the Yoast SEO plugin v27.3 - https:\/\/yoast.com\/product\/yoast-seo-wordpress\/ -->\n<title>Real Estate - m2apartners.cz<\/title>\n<meta name=\"robots\" content=\"index, follow, max-snippet:-1, max-image-preview:large, max-video-preview:-1\" \/>\n<link rel=\"canonical\" href=\"https:\/\/m2apartners.cz\/en\/services\/real-estate\/\" \/>\n<meta property=\"og:locale\" content=\"en_US\" \/>\n<meta property=\"og:type\" content=\"article\" \/>\n<meta property=\"og:title\" content=\"Real Estate - m2apartners.cz\" \/>\n<meta property=\"og:description\" content=\"Real EstateWhat is real estate?All services and transactions relating to real estate (i.e. land, buildings, units) as a whole or in parts, typically demarcation of units by a declaration of ownership or their changes (conversions, extensions, etc.), settlement of co-ownership and SJM, transfers (purchase, donation) or representation in related disputes.The most common useWho is this [&hellip;]\" \/>\n<meta property=\"og:url\" content=\"https:\/\/m2apartners.cz\/en\/services\/real-estate\/\" \/>\n<meta property=\"og:site_name\" content=\"m2apartners.cz\" \/>\n<meta property=\"article:modified_time\" content=\"2025-03-27T16:04:16+00:00\" \/>\n<meta property=\"og:image\" content=\"https:\/\/m2apartners.cz\/wp-content\/uploads\/2025\/03\/008-placeholder.svg\" \/>\n<meta name=\"twitter:card\" content=\"summary_large_image\" \/>\n<meta name=\"twitter:label1\" content=\"Est. reading time\" \/>\n\t<meta name=\"twitter:data1\" content=\"7 minutes\" \/>\n<script type=\"application\/ld+json\" class=\"yoast-schema-graph\">{\"@context\":\"https:\\\/\\\/schema.org\",\"@graph\":[{\"@type\":\"WebPage\",\"@id\":\"https:\\\/\\\/m2apartners.cz\\\/en\\\/services\\\/real-estate\\\/\",\"url\":\"https:\\\/\\\/m2apartners.cz\\\/en\\\/services\\\/real-estate\\\/\",\"name\":\"Real Estate - m2apartners.cz\",\"isPartOf\":{\"@id\":\"https:\\\/\\\/m2apartners.cz\\\/en\\\/#website\"},\"primaryImageOfPage\":{\"@id\":\"https:\\\/\\\/m2apartners.cz\\\/en\\\/services\\\/real-estate\\\/#primaryimage\"},\"image\":{\"@id\":\"https:\\\/\\\/m2apartners.cz\\\/en\\\/services\\\/real-estate\\\/#primaryimage\"},\"thumbnailUrl\":\"https:\\\/\\\/m2apartners.cz\\\/wp-content\\\/uploads\\\/2025\\\/03\\\/008-placeholder.svg\",\"datePublished\":\"2025-03-03T19:34:25+00:00\",\"dateModified\":\"2025-03-27T16:04:16+00:00\",\"breadcrumb\":{\"@id\":\"https:\\\/\\\/m2apartners.cz\\\/en\\\/services\\\/real-estate\\\/#breadcrumb\"},\"inLanguage\":\"en-US\",\"potentialAction\":[{\"@type\":\"ReadAction\",\"target\":[\"https:\\\/\\\/m2apartners.cz\\\/en\\\/services\\\/real-estate\\\/\"]}]},{\"@type\":\"ImageObject\",\"inLanguage\":\"en-US\",\"@id\":\"https:\\\/\\\/m2apartners.cz\\\/en\\\/services\\\/real-estate\\\/#primaryimage\",\"url\":\"https:\\\/\\\/m2apartners.cz\\\/wp-content\\\/uploads\\\/2025\\\/03\\\/008-placeholder.svg\",\"contentUrl\":\"https:\\\/\\\/m2apartners.cz\\\/wp-content\\\/uploads\\\/2025\\\/03\\\/008-placeholder.svg\"},{\"@type\":\"BreadcrumbList\",\"@id\":\"https:\\\/\\\/m2apartners.cz\\\/en\\\/services\\\/real-estate\\\/#breadcrumb\",\"itemListElement\":[{\"@type\":\"ListItem\",\"position\":1,\"name\":\"Home\",\"item\":\"https:\\\/\\\/m2apartners.cz\\\/en\\\/\"},{\"@type\":\"ListItem\",\"position\":2,\"name\":\"Services\",\"item\":\"https:\\\/\\\/m2apartners.cz\\\/en\\\/sluzby\\\/\"},{\"@type\":\"ListItem\",\"position\":3,\"name\":\"Real Estate\"}]},{\"@type\":\"WebSite\",\"@id\":\"https:\\\/\\\/m2apartners.cz\\\/en\\\/#website\",\"url\":\"https:\\\/\\\/m2apartners.cz\\\/en\\\/\",\"name\":\"m2apartners.cz\",\"description\":\"We focus on providing legal services to clients in the pharmaceutical and medical device industries, in corporate matters, in connection with the setting up of internal processes, in matters of zoning and construction law proceedings, in general practice, especially general contract, real estate, family and employment law.\",\"publisher\":{\"@id\":\"https:\\\/\\\/m2apartners.cz\\\/en\\\/#organization\"},\"potentialAction\":[{\"@type\":\"SearchAction\",\"target\":{\"@type\":\"EntryPoint\",\"urlTemplate\":\"https:\\\/\\\/m2apartners.cz\\\/en\\\/?s={search_term_string}\"},\"query-input\":{\"@type\":\"PropertyValueSpecification\",\"valueRequired\":true,\"valueName\":\"search_term_string\"}}],\"inLanguage\":\"en-US\"},{\"@type\":\"Organization\",\"@id\":\"https:\\\/\\\/m2apartners.cz\\\/en\\\/#organization\",\"name\":\"M2A Partners\",\"url\":\"https:\\\/\\\/m2apartners.cz\\\/en\\\/\",\"logo\":{\"@type\":\"ImageObject\",\"inLanguage\":\"en-US\",\"@id\":\"https:\\\/\\\/m2apartners.cz\\\/en\\\/#\\\/schema\\\/logo\\\/image\\\/\",\"url\":\"https:\\\/\\\/m2apartners.cz\\\/wp-content\\\/uploads\\\/2025\\\/03\\\/cropped-cropped-FAV_512x512.png\",\"contentUrl\":\"https:\\\/\\\/m2apartners.cz\\\/wp-content\\\/uploads\\\/2025\\\/03\\\/cropped-cropped-FAV_512x512.png\",\"width\":512,\"height\":512,\"caption\":\"M2A Partners\"},\"image\":{\"@id\":\"https:\\\/\\\/m2apartners.cz\\\/en\\\/#\\\/schema\\\/logo\\\/image\\\/\"}}]}<\/script>\n<!-- \/ Yoast SEO plugin. -->","yoast_head_json":{"title":"Real Estate - m2apartners.cz","robots":{"index":"index","follow":"follow","max-snippet":"max-snippet:-1","max-image-preview":"max-image-preview:large","max-video-preview":"max-video-preview:-1"},"canonical":"https:\/\/m2apartners.cz\/en\/services\/real-estate\/","og_locale":"en_US","og_type":"article","og_title":"Real Estate - m2apartners.cz","og_description":"Real EstateWhat is real estate?All services and transactions relating to real estate (i.e. land, buildings, units) as a whole or in parts, typically demarcation of units by a declaration of ownership or their changes (conversions, extensions, etc.), settlement of co-ownership and SJM, transfers (purchase, donation) or representation in related disputes.The most common useWho is this [&hellip;]","og_url":"https:\/\/m2apartners.cz\/en\/services\/real-estate\/","og_site_name":"m2apartners.cz","article_modified_time":"2025-03-27T16:04:16+00:00","og_image":[{"url":"https:\/\/m2apartners.cz\/wp-content\/uploads\/2025\/03\/008-placeholder.svg","type":"","width":"","height":""}],"twitter_card":"summary_large_image","twitter_misc":{"Est. reading time":"7 minutes"},"schema":{"@context":"https:\/\/schema.org","@graph":[{"@type":"WebPage","@id":"https:\/\/m2apartners.cz\/en\/services\/real-estate\/","url":"https:\/\/m2apartners.cz\/en\/services\/real-estate\/","name":"Real Estate - m2apartners.cz","isPartOf":{"@id":"https:\/\/m2apartners.cz\/en\/#website"},"primaryImageOfPage":{"@id":"https:\/\/m2apartners.cz\/en\/services\/real-estate\/#primaryimage"},"image":{"@id":"https:\/\/m2apartners.cz\/en\/services\/real-estate\/#primaryimage"},"thumbnailUrl":"https:\/\/m2apartners.cz\/wp-content\/uploads\/2025\/03\/008-placeholder.svg","datePublished":"2025-03-03T19:34:25+00:00","dateModified":"2025-03-27T16:04:16+00:00","breadcrumb":{"@id":"https:\/\/m2apartners.cz\/en\/services\/real-estate\/#breadcrumb"},"inLanguage":"en-US","potentialAction":[{"@type":"ReadAction","target":["https:\/\/m2apartners.cz\/en\/services\/real-estate\/"]}]},{"@type":"ImageObject","inLanguage":"en-US","@id":"https:\/\/m2apartners.cz\/en\/services\/real-estate\/#primaryimage","url":"https:\/\/m2apartners.cz\/wp-content\/uploads\/2025\/03\/008-placeholder.svg","contentUrl":"https:\/\/m2apartners.cz\/wp-content\/uploads\/2025\/03\/008-placeholder.svg"},{"@type":"BreadcrumbList","@id":"https:\/\/m2apartners.cz\/en\/services\/real-estate\/#breadcrumb","itemListElement":[{"@type":"ListItem","position":1,"name":"Home","item":"https:\/\/m2apartners.cz\/en\/"},{"@type":"ListItem","position":2,"name":"Services","item":"https:\/\/m2apartners.cz\/en\/sluzby\/"},{"@type":"ListItem","position":3,"name":"Real Estate"}]},{"@type":"WebSite","@id":"https:\/\/m2apartners.cz\/en\/#website","url":"https:\/\/m2apartners.cz\/en\/","name":"m2apartners.cz","description":"We focus on providing legal services to clients in the pharmaceutical and medical device industries, in corporate matters, in connection with the setting up of internal processes, in matters of zoning and construction law proceedings, in general practice, especially general contract, real estate, family and employment law.","publisher":{"@id":"https:\/\/m2apartners.cz\/en\/#organization"},"potentialAction":[{"@type":"SearchAction","target":{"@type":"EntryPoint","urlTemplate":"https:\/\/m2apartners.cz\/en\/?s={search_term_string}"},"query-input":{"@type":"PropertyValueSpecification","valueRequired":true,"valueName":"search_term_string"}}],"inLanguage":"en-US"},{"@type":"Organization","@id":"https:\/\/m2apartners.cz\/en\/#organization","name":"M2A Partners","url":"https:\/\/m2apartners.cz\/en\/","logo":{"@type":"ImageObject","inLanguage":"en-US","@id":"https:\/\/m2apartners.cz\/en\/#\/schema\/logo\/image\/","url":"https:\/\/m2apartners.cz\/wp-content\/uploads\/2025\/03\/cropped-cropped-FAV_512x512.png","contentUrl":"https:\/\/m2apartners.cz\/wp-content\/uploads\/2025\/03\/cropped-cropped-FAV_512x512.png","width":512,"height":512,"caption":"M2A Partners"},"image":{"@id":"https:\/\/m2apartners.cz\/en\/#\/schema\/logo\/image\/"}}]}},"_links":{"self":[{"href":"https:\/\/m2apartners.cz\/en\/wp-json\/wp\/v2\/pages\/5841","targetHints":{"allow":["GET"]}}],"collection":[{"href":"https:\/\/m2apartners.cz\/en\/wp-json\/wp\/v2\/pages"}],"about":[{"href":"https:\/\/m2apartners.cz\/en\/wp-json\/wp\/v2\/types\/page"}],"author":[{"embeddable":true,"href":"https:\/\/m2apartners.cz\/en\/wp-json\/wp\/v2\/users\/1"}],"replies":[{"embeddable":true,"href":"https:\/\/m2apartners.cz\/en\/wp-json\/wp\/v2\/comments?post=5841"}],"version-history":[{"count":3,"href":"https:\/\/m2apartners.cz\/en\/wp-json\/wp\/v2\/pages\/5841\/revisions"}],"predecessor-version":[{"id":5861,"href":"https:\/\/m2apartners.cz\/en\/wp-json\/wp\/v2\/pages\/5841\/revisions\/5861"}],"up":[{"embeddable":true,"href":"https:\/\/m2apartners.cz\/en\/wp-json\/wp\/v2\/pages\/5842"}],"wp:attachment":[{"href":"https:\/\/m2apartners.cz\/en\/wp-json\/wp\/v2\/media?parent=5841"}],"curies":[{"name":"wp","href":"https:\/\/api.w.org\/{rel}","templated":true}]}}