{"id":5872,"date":"2025-03-03T20:35:58","date_gmt":"2025-03-03T19:35:58","guid":{"rendered":"https:\/\/m2apartners.cz\/services\/labour-law\/"},"modified":"2025-03-27T17:04:30","modified_gmt":"2025-03-27T16:04:30","slug":"labour-law","status":"publish","type":"page","link":"https:\/\/m2apartners.cz\/en\/services\/labour-law\/","title":{"rendered":"Labour law"},"content":{"rendered":"<p>[et_pb_section fb_built=&#8221;1&#8243; _builder_version=&#8221;4.27.4&#8243; _module_preset=&#8221;default&#8221; background_color=&#8221;rgba(8,37,68,0.73)&#8221; background_image=&#8221;https:\/\/m2apartners.cz\/wp-content\/uploads\/2022\/08\/header-image-2-scaled-1.jpg&#8221; background_blend=&#8221;color-dodge&#8221; z_index=&#8221;2&#8243; custom_margin=&#8221;||-170px||false|false&#8221; custom_padding=&#8221;||110px||false|false&#8221; global_colors_info=&#8221;{}&#8221;][et_pb_row _builder_version=&#8221;4.27.4&#8243; _module_preset=&#8221;default&#8221; global_colors_info=&#8221;{}&#8221;][et_pb_column type=&#8221;4_4&#8243; _builder_version=&#8221;4.27.4&#8243; _module_preset=&#8221;default&#8221; global_colors_info=&#8221;{}&#8221;][et_pb_text _builder_version=&#8221;4.27.4&#8243; _module_preset=&#8221;default&#8221; header_font=&#8221;|800|||||||&#8221; header_text_align=&#8221;center&#8221; header_text_color=&#8221;#FFFFFF&#8221; hover_enabled=&#8221;0&#8243; global_colors_info=&#8221;{}&#8221; content_last_edited=&#8221;on|phone&#8221; sticky_enabled=&#8221;0&#8243; content_phone=&#8221;<\/p>\n<h1><img src=%22https:\/\/m2apartners.cz\/wp-content\/uploads\/2025\/03\/icon-about-us.svg%22 width=%2226%22 height=%2250%22 alt=%22%22 class=%22wp-image-4353 alignnone size-medium%22 \/>\u00a0 Pracovn\u00ed pr\u00e1vo<\/h1>\n<p>&#8221; content_tablet=&#8221;<\/p>\n<h1><img src=%22https:\/\/m2apartners.cz\/wp-content\/uploads\/2025\/03\/icon-about-us.svg%22 width=%2242%22 height=%2281%22 alt=%22%22 class=%22wp-image-4353 alignnone size-medium%22 \/>\u00a0 Pracovn\u00ed pr\u00e1vo<\/h1>\n<p>&#8220;]<\/p>\n<h1><img loading=\"lazy\" decoding=\"async\" src=\"https:\/\/m2apartners.cz\/wp-content\/uploads\/2025\/03\/icon-about-us.svg\" width=\"42\" height=\"81\" alt=\"\" class=\"wp-image-4353 alignnone size-medium\">  Labour law<\/h1>\n<p>[\/et_pb_text][\/et_pb_column][\/et_pb_row][\/et_pb_section][et_pb_section fb_built=&#8221;1&#8243; _builder_version=&#8221;4.27.4&#8243; _module_preset=&#8221;default&#8221; background_color=&#8221;#FFFFFF&#8221; global_colors_info=&#8221;{}&#8221;][et_pb_row _builder_version=&#8221;4.27.4&#8243; _module_preset=&#8221;default&#8221; background_color=&#8221;#FFFFFF&#8221; z_index=&#8221;3&#8243; border_radii=&#8221;on|15px|15px|15px|15px&#8221; box_shadow_style=&#8221;preset3&#8243; global_colors_info=&#8221;{}&#8221;][et_pb_column type=&#8221;4_4&#8243; _builder_version=&#8221;4.27.4&#8243; _module_preset=&#8221;default&#8221; global_colors_info=&#8221;{}&#8221;][et_pb_text content_tablet=&#8221;<\/p>\n<h3>What is labour law?<\/h3>\n<p>&#8221; content_phone=&#8221;<\/p>\n<h3>What is labour law?<\/h3>\n<p>&#8221; content_last_edited=&#8221;on|phone&#8221; _builder_version=&#8221;4.27.4&#8243; _module_preset=&#8221;default&#8221; header_3_font=&#8221;|600|||||||&#8221; header_3_text_align=&#8221;center&#8221; header_3_font_size=&#8221;32px&#8221; hover_enabled=&#8221;0&#8243; global_colors_info=&#8221;{}&#8221; sticky_enabled=&#8221;0&#8243; header_3_font_size_last_edited=&#8221;on|phone&#8221; header_3_font_size_phone=&#8221;26px&#8221; header_3_font_size_tablet=&#8221;32px&#8221;]<\/p>\n<h3>What is labour law?<\/h3>\n<p>[\/et_pb_text][et_pb_image src=&#8221;https:\/\/m2apartners.cz\/wp-content\/uploads\/\/2025\/03\/divider.svg&#8221; title_text=&#8221;divider&#8221; align=&#8221;center&#8221; _builder_version=&#8221;4.27.4&#8243; _module_preset=&#8221;default&#8221; global_colors_info=&#8221;{}&#8221;][\/et_pb_image][et_pb_text _builder_version=&#8221;4.27.4&#8243; _module_preset=&#8221;default&#8221; text_orientation=&#8221;center&#8221; custom_padding=&#8221;|235px||235px|false|true&#8221; custom_padding_tablet=&#8221;|20px||20px|false|true&#8221; custom_padding_phone=&#8221;|20px||20px|false|true&#8221; custom_padding_last_edited=&#8221;on|phone&#8221; global_colors_info=&#8221;{}&#8221;]<\/p>\n<p>It is a branch of law that primarily regulates the rights and obligations of employees and employers arising in connection with employment relationships.<\/p>\n<p>[\/et_pb_text][\/et_pb_column][\/et_pb_row][\/et_pb_section][et_pb_section fb_built=&#8221;1&#8243; _builder_version=&#8221;4.27.4&#8243; _module_preset=&#8221;default&#8221; custom_padding=&#8221;0px||||false|false&#8221; global_colors_info=&#8221;{}&#8221;][et_pb_row _builder_version=&#8221;4.27.4&#8243; _module_preset=&#8221;default&#8221; custom_padding=&#8221;0px||||false|false&#8221; locked=&#8221;off&#8221; global_colors_info=&#8221;{}&#8221;][et_pb_column type=&#8221;4_4&#8243; _builder_version=&#8221;4.27.4&#8243; _module_preset=&#8221;default&#8221; global_colors_info=&#8221;{}&#8221;][et_pb_text _builder_version=&#8221;4.27.4&#8243; _module_preset=&#8221;default&#8221; text_font=&#8221;|||on|||||&#8221; text_letter_spacing=&#8221;2px&#8221; text_orientation=&#8221;center&#8221; custom_margin=&#8221;||0px||false|false&#8221; global_colors_info=&#8221;{}&#8221;]<\/p>\n<p><span style=\"color: #cab956;\"><b>The most common use<\/b><\/span><\/p>\n<p>[\/et_pb_text][et_pb_text content_tablet=&#8221;<\/p>\n<h3>Who is this service particularly suitable for?<\/h3>\n<p>&#8221; content_phone=&#8221;<\/p>\n<h3>Who is this service particularly suitable for?<\/h3>\n<p>&#8221; content_last_edited=&#8221;on|phone&#8221; _builder_version=&#8221;4.27.4&#8243; _module_preset=&#8221;default&#8221; header_3_font=&#8221;|600|||||||&#8221; header_3_text_align=&#8221;center&#8221; header_3_font_size=&#8221;32px&#8221; hover_enabled=&#8221;0&#8243; global_colors_info=&#8221;{}&#8221; sticky_enabled=&#8221;0&#8243; header_3_font_size_last_edited=&#8221;on|phone&#8221; header_3_font_size_phone=&#8221;26px&#8221; header_3_font_size_tablet=&#8221;32px&#8221;]<\/p>\n<h3>Who is this service particularly suitable for?<\/h3>\n<p>[\/et_pb_text][\/et_pb_column][\/et_pb_row][et_pb_row column_structure=&#8221;1_3,1_3,1_3&#8243; _builder_version=&#8221;4.27.4&#8243; _module_preset=&#8221;default&#8221; max_width=&#8221;1000px&#8221; custom_padding=&#8221;10px||||false|false&#8221; global_colors_info=&#8221;{}&#8221;][et_pb_column type=&#8221;1_3&#8243; _builder_version=&#8221;4.27.4&#8243; _module_preset=&#8221;default&#8221; global_colors_info=&#8221;{}&#8221;][et_pb_blurb image=&#8221;https:\/\/m2apartners.cz\/wp-content\/uploads\/\/2025\/03\/icon-service-item-13-1.svg&#8221; _builder_version=&#8221;4.27.4&#8243; _module_preset=&#8221;default&#8221; header_font=&#8221;|600|||||||&#8221; header_text_color=&#8221;#000000&#8243; body_font=&#8221;|600|||||||&#8221; body_text_color=&#8221;#000000&#8243; body_font_size=&#8221;18px&#8221; text_orientation=&#8221;center&#8221; global_colors_info=&#8221;{}&#8221;]<\/p>\n<p>Employers<\/p>\n<p>[\/et_pb_blurb][\/et_pb_column][et_pb_column type=&#8221;1_3&#8243; _builder_version=&#8221;4.27.4&#8243; _module_preset=&#8221;default&#8221; global_colors_info=&#8221;{}&#8221;][et_pb_blurb image=&#8221;https:\/\/m2apartners.cz\/wp-content\/uploads\/\/2025\/03\/icon-service-item-12-1.svg&#8221; _builder_version=&#8221;4.27.4&#8243; _module_preset=&#8221;default&#8221; header_font=&#8221;|600|||||||&#8221; header_text_color=&#8221;#000000&#8243; body_font=&#8221;|600|||||||&#8221; body_text_color=&#8221;#000000&#8243; body_font_size=&#8221;18px&#8221; text_orientation=&#8221;center&#8221; global_colors_info=&#8221;{}&#8221;]<\/p>\n<p>State administration bodies<\/p>\n<p>[\/et_pb_blurb][\/et_pb_column][et_pb_column type=&#8221;1_3&#8243; _builder_version=&#8221;4.27.4&#8243; _module_preset=&#8221;default&#8221; global_colors_info=&#8221;{}&#8221;][et_pb_blurb image=&#8221;https:\/\/m2apartners.cz\/wp-content\/uploads\/\/2025\/03\/icon-service-item-16-1.svg&#8221; _builder_version=&#8221;4.27.4&#8243; _module_preset=&#8221;default&#8221; header_font=&#8221;|600|||||||&#8221; header_text_color=&#8221;#000000&#8243; body_font=&#8221;|600|||||||&#8221; body_text_color=&#8221;#000000&#8243; body_font_size=&#8221;18px&#8221; text_orientation=&#8221;center&#8221; global_colors_info=&#8221;{}&#8221;]<\/p>\n<p>Staff<\/p>\n<p>[\/et_pb_blurb][\/et_pb_column][\/et_pb_row][\/et_pb_section][et_pb_section fb_built=&#8221;1&#8243; _builder_version=&#8221;4.27.4&#8243; _module_preset=&#8221;default&#8221; custom_padding=&#8221;0px||0px||true|false&#8221; global_colors_info=&#8221;{}&#8221;][et_pb_row _builder_version=&#8221;4.27.4&#8243; _module_preset=&#8221;default&#8221; custom_padding=&#8221;0px||||false|false&#8221; locked=&#8221;off&#8221; global_colors_info=&#8221;{}&#8221;][et_pb_column type=&#8221;4_4&#8243; _builder_version=&#8221;4.27.4&#8243; _module_preset=&#8221;default&#8221; global_colors_info=&#8221;{}&#8221;][et_pb_text _builder_version=&#8221;4.27.4&#8243; _module_preset=&#8221;default&#8221; text_font=&#8221;|||on|||||&#8221; text_letter_spacing=&#8221;2px&#8221; text_orientation=&#8221;center&#8221; custom_margin=&#8221;||0px||false|false&#8221; global_colors_info=&#8221;{}&#8221;]<\/p>\n<p><span style=\"color: #cab956;\"><b>Typical services<\/b><\/span><\/p>\n<p>[\/et_pb_text][et_pb_text content_tablet=&#8221;<\/p>\n<h3>V\u00a0oblasti pracovn\u00edho pr\u00e1va poskytuje na\u0161e kancel\u00e1\u0159 nej\u010dast\u011bji n\u00e1sleduj\u00edc\u00ed slu\u017eby:<\/h3>\n<p>&#8221; content_phone=&#8221;<\/p>\n<h3>V\u00a0oblasti pracovn\u00edho pr\u00e1va poskytuje na\u0161e kancel\u00e1\u0159 nej\u010dast\u011bji n\u00e1sleduj\u00edc\u00ed slu\u017eby:<\/h3>\n<p>&#8221; content_last_edited=&#8221;on|phone&#8221; _builder_version=&#8221;4.27.4&#8243; _module_preset=&#8221;default&#8221; header_3_font=&#8221;|600|||||||&#8221; header_3_text_align=&#8221;center&#8221; header_3_font_size=&#8221;32px&#8221; max_width=&#8221;800px&#8221; module_alignment=&#8221;center&#8221; hover_enabled=&#8221;0&#8243; global_colors_info=&#8221;{}&#8221; sticky_enabled=&#8221;0&#8243; header_3_font_size_last_edited=&#8221;on|phone&#8221; header_3_font_size_phone=&#8221;26px&#8221; header_3_font_size_tablet=&#8221;32px&#8221;]<\/p>\n<h3>In the field of employment law, our firm most frequently provides the following services:<\/h3>\n<p>[\/et_pb_text][\/et_pb_column][\/et_pb_row][et_pb_row column_structure=&#8221;1_2,1_2&#8243; _builder_version=&#8221;4.27.4&#8243; _module_preset=&#8221;default&#8221; max_width=&#8221;1000px&#8221; global_colors_info=&#8221;{}&#8221;][et_pb_column type=&#8221;1_2&#8243; _builder_version=&#8221;4.27.4&#8243; _module_preset=&#8221;default&#8221; global_colors_info=&#8221;{}&#8221;][et_pb_blurb image=&#8221;https:\/\/m2apartners.cz\/wp-content\/uploads\/\/2025\/03\/icon-checkmark.svg&#8221; icon_placement=&#8221;left&#8221; image_icon_width=&#8221;18px&#8221; _builder_version=&#8221;4.27.4&#8243; _module_preset=&#8221;default&#8221; body_text_color=&#8221;#000000&#8243; custom_margin=&#8221;||8px||false|false&#8221; global_colors_info=&#8221;{}&#8221;]<\/p>\n<p>advice and preparation of documentation in matters of termination of employment<\/p>\n<p>[\/et_pb_blurb][et_pb_blurb image=&#8221;https:\/\/m2apartners.cz\/wp-content\/uploads\/\/2025\/03\/icon-checkmark.svg&#8221; icon_placement=&#8221;left&#8221; image_icon_width=&#8221;18px&#8221; _builder_version=&#8221;4.27.4&#8243; _module_preset=&#8221;default&#8221; body_text_color=&#8221;#000000&#8243; custom_margin=&#8221;||8px||false|false&#8221; global_colors_info=&#8221;{}&#8221;]<\/p>\n<p>advice and drafting of internal directives and documents<\/p>\n<p>[\/et_pb_blurb][et_pb_blurb image=&#8221;https:\/\/m2apartners.cz\/wp-content\/uploads\/\/2025\/03\/icon-checkmark.svg&#8221; icon_placement=&#8221;left&#8221; image_icon_width=&#8221;18px&#8221; _builder_version=&#8221;4.27.4&#8243; _module_preset=&#8221;default&#8221; body_text_color=&#8221;#000000&#8243; custom_margin=&#8221;||8px||false|false&#8221; global_colors_info=&#8221;{}&#8221;]<\/p>\n<p>setting up an appropriate remuneration system for employees and managers<\/p>\n<p>[\/et_pb_blurb][\/et_pb_column][et_pb_column type=&#8221;1_2&#8243; _builder_version=&#8221;4.27.4&#8243; _module_preset=&#8221;default&#8221; global_colors_info=&#8221;{}&#8221;][et_pb_blurb image=&#8221;https:\/\/m2apartners.cz\/wp-content\/uploads\/\/2025\/03\/icon-checkmark.svg&#8221; icon_placement=&#8221;left&#8221; image_icon_width=&#8221;18px&#8221; _builder_version=&#8221;4.27.4&#8243; _module_preset=&#8221;default&#8221; body_text_color=&#8221;#000000&#8243; custom_margin=&#8221;||8px||false|false&#8221; global_colors_info=&#8221;{}&#8221;]<\/p>\n<p>representation in employment disputes before the courts<\/p>\n<p>[\/et_pb_blurb][et_pb_blurb image=&#8221;https:\/\/m2apartners.cz\/wp-content\/uploads\/\/2025\/03\/icon-checkmark.svg&#8221; icon_placement=&#8221;left&#8221; image_icon_width=&#8221;18px&#8221; _builder_version=&#8221;4.27.4&#8243; _module_preset=&#8221;default&#8221; body_text_color=&#8221;#000000&#8243; custom_margin=&#8221;||8px||false|false&#8221; global_colors_info=&#8221;{}&#8221;]<\/p>\n<p>review of employment documents for compliance with legal regulations and internal corporate rules (compliance)<\/p>\n<p>[\/et_pb_blurb][et_pb_blurb image=&#8221;https:\/\/m2apartners.cz\/wp-content\/uploads\/\/2025\/03\/icon-checkmark.svg&#8221; icon_placement=&#8221;left&#8221; image_icon_width=&#8221;18px&#8221; _builder_version=&#8221;4.27.4&#8243; _module_preset=&#8221;default&#8221; body_text_color=&#8221;#000000&#8243; custom_margin=&#8221;||8px||false|false&#8221; global_colors_info=&#8221;{}&#8221;]<\/p>\n<p>preparation of other employment contracts<\/p>\n<p>[\/et_pb_blurb][\/et_pb_column][\/et_pb_row][\/et_pb_section]<\/p>\n","protected":false},"excerpt":{"rendered":"<p>Labour lawWhat is labour law?It is a branch of law that primarily regulates the rights and obligations of employees and employers arising in connection with employment relationships.The most common useWho is this service particularly suitable for?EmployersState administration bodiesStaffTypical servicesIn the field of employment law, our firm most frequently provides the following services:advice and preparation of [&hellip;]<\/p>\n","protected":false},"author":1,"featured_media":0,"parent":5842,"menu_order":0,"comment_status":"closed","ping_status":"closed","template":"","meta":{"_et_pb_use_builder":"on","_et_pb_old_content":"","_et_gb_content_width":"","inline_featured_image":false,"footnotes":""},"class_list":["post-5872","page","type-page","status-publish","hentry"],"yoast_head":"<!-- This site is optimized with the Yoast SEO plugin v27.3 - https:\/\/yoast.com\/product\/yoast-seo-wordpress\/ -->\n<title>Labour law - m2apartners.cz<\/title>\n<meta name=\"robots\" content=\"index, follow, max-snippet:-1, max-image-preview:large, max-video-preview:-1\" \/>\n<link rel=\"canonical\" href=\"https:\/\/m2apartners.cz\/en\/services\/labour-law\/\" \/>\n<meta property=\"og:locale\" content=\"en_US\" \/>\n<meta property=\"og:type\" content=\"article\" \/>\n<meta property=\"og:title\" content=\"Labour law - m2apartners.cz\" \/>\n<meta property=\"og:description\" content=\"Labour lawWhat is labour law?It is a branch of law that primarily regulates the rights and obligations of employees and employers arising in connection with employment relationships.The most common useWho is this service particularly suitable for?EmployersState administration bodiesStaffTypical servicesIn the field of employment law, our firm most frequently provides the following services:advice and preparation of [&hellip;]\" \/>\n<meta property=\"og:url\" content=\"https:\/\/m2apartners.cz\/en\/services\/labour-law\/\" \/>\n<meta property=\"og:site_name\" content=\"m2apartners.cz\" \/>\n<meta property=\"article:modified_time\" content=\"2025-03-27T16:04:30+00:00\" \/>\n<meta property=\"og:image\" content=\"https:\/\/m2apartners.cz\/wp-content\/uploads\/2025\/03\/icon-about-us.svg\" \/>\n<meta name=\"twitter:card\" content=\"summary_large_image\" \/>\n<meta name=\"twitter:label1\" content=\"Est. reading time\" \/>\n\t<meta name=\"twitter:data1\" content=\"6 minutes\" \/>\n<script type=\"application\/ld+json\" class=\"yoast-schema-graph\">{\"@context\":\"https:\\\/\\\/schema.org\",\"@graph\":[{\"@type\":\"WebPage\",\"@id\":\"https:\\\/\\\/m2apartners.cz\\\/en\\\/services\\\/labour-law\\\/\",\"url\":\"https:\\\/\\\/m2apartners.cz\\\/en\\\/services\\\/labour-law\\\/\",\"name\":\"Labour law - m2apartners.cz\",\"isPartOf\":{\"@id\":\"https:\\\/\\\/m2apartners.cz\\\/en\\\/#website\"},\"primaryImageOfPage\":{\"@id\":\"https:\\\/\\\/m2apartners.cz\\\/en\\\/services\\\/labour-law\\\/#primaryimage\"},\"image\":{\"@id\":\"https:\\\/\\\/m2apartners.cz\\\/en\\\/services\\\/labour-law\\\/#primaryimage\"},\"thumbnailUrl\":\"https:\\\/\\\/m2apartners.cz\\\/wp-content\\\/uploads\\\/2025\\\/03\\\/icon-about-us.svg\",\"datePublished\":\"2025-03-03T19:35:58+00:00\",\"dateModified\":\"2025-03-27T16:04:30+00:00\",\"breadcrumb\":{\"@id\":\"https:\\\/\\\/m2apartners.cz\\\/en\\\/services\\\/labour-law\\\/#breadcrumb\"},\"inLanguage\":\"en-US\",\"potentialAction\":[{\"@type\":\"ReadAction\",\"target\":[\"https:\\\/\\\/m2apartners.cz\\\/en\\\/services\\\/labour-law\\\/\"]}]},{\"@type\":\"ImageObject\",\"inLanguage\":\"en-US\",\"@id\":\"https:\\\/\\\/m2apartners.cz\\\/en\\\/services\\\/labour-law\\\/#primaryimage\",\"url\":\"https:\\\/\\\/m2apartners.cz\\\/wp-content\\\/uploads\\\/2025\\\/03\\\/icon-about-us.svg\",\"contentUrl\":\"https:\\\/\\\/m2apartners.cz\\\/wp-content\\\/uploads\\\/2025\\\/03\\\/icon-about-us.svg\"},{\"@type\":\"BreadcrumbList\",\"@id\":\"https:\\\/\\\/m2apartners.cz\\\/en\\\/services\\\/labour-law\\\/#breadcrumb\",\"itemListElement\":[{\"@type\":\"ListItem\",\"position\":1,\"name\":\"Home\",\"item\":\"https:\\\/\\\/m2apartners.cz\\\/en\\\/\"},{\"@type\":\"ListItem\",\"position\":2,\"name\":\"Services\",\"item\":\"https:\\\/\\\/m2apartners.cz\\\/en\\\/sluzby\\\/\"},{\"@type\":\"ListItem\",\"position\":3,\"name\":\"Labour law\"}]},{\"@type\":\"WebSite\",\"@id\":\"https:\\\/\\\/m2apartners.cz\\\/en\\\/#website\",\"url\":\"https:\\\/\\\/m2apartners.cz\\\/en\\\/\",\"name\":\"m2apartners.cz\",\"description\":\"We focus on providing legal services to clients in the pharmaceutical and medical device industries, in corporate matters, in connection with the setting up of internal processes, in matters of zoning and construction law proceedings, in general practice, especially general contract, real estate, family and employment law.\",\"publisher\":{\"@id\":\"https:\\\/\\\/m2apartners.cz\\\/en\\\/#organization\"},\"potentialAction\":[{\"@type\":\"SearchAction\",\"target\":{\"@type\":\"EntryPoint\",\"urlTemplate\":\"https:\\\/\\\/m2apartners.cz\\\/en\\\/?s={search_term_string}\"},\"query-input\":{\"@type\":\"PropertyValueSpecification\",\"valueRequired\":true,\"valueName\":\"search_term_string\"}}],\"inLanguage\":\"en-US\"},{\"@type\":\"Organization\",\"@id\":\"https:\\\/\\\/m2apartners.cz\\\/en\\\/#organization\",\"name\":\"M2A Partners\",\"url\":\"https:\\\/\\\/m2apartners.cz\\\/en\\\/\",\"logo\":{\"@type\":\"ImageObject\",\"inLanguage\":\"en-US\",\"@id\":\"https:\\\/\\\/m2apartners.cz\\\/en\\\/#\\\/schema\\\/logo\\\/image\\\/\",\"url\":\"https:\\\/\\\/m2apartners.cz\\\/wp-content\\\/uploads\\\/2025\\\/03\\\/cropped-cropped-FAV_512x512.png\",\"contentUrl\":\"https:\\\/\\\/m2apartners.cz\\\/wp-content\\\/uploads\\\/2025\\\/03\\\/cropped-cropped-FAV_512x512.png\",\"width\":512,\"height\":512,\"caption\":\"M2A Partners\"},\"image\":{\"@id\":\"https:\\\/\\\/m2apartners.cz\\\/en\\\/#\\\/schema\\\/logo\\\/image\\\/\"}}]}<\/script>\n<!-- \/ Yoast SEO plugin. -->","yoast_head_json":{"title":"Labour law - m2apartners.cz","robots":{"index":"index","follow":"follow","max-snippet":"max-snippet:-1","max-image-preview":"max-image-preview:large","max-video-preview":"max-video-preview:-1"},"canonical":"https:\/\/m2apartners.cz\/en\/services\/labour-law\/","og_locale":"en_US","og_type":"article","og_title":"Labour law - m2apartners.cz","og_description":"Labour lawWhat is labour law?It is a branch of law that primarily regulates the rights and obligations of employees and employers arising in connection with employment relationships.The most common useWho is this service particularly suitable for?EmployersState administration bodiesStaffTypical servicesIn the field of employment law, our firm most frequently provides the following services:advice and preparation of [&hellip;]","og_url":"https:\/\/m2apartners.cz\/en\/services\/labour-law\/","og_site_name":"m2apartners.cz","article_modified_time":"2025-03-27T16:04:30+00:00","og_image":[{"url":"https:\/\/m2apartners.cz\/wp-content\/uploads\/2025\/03\/icon-about-us.svg","type":"","width":"","height":""}],"twitter_card":"summary_large_image","twitter_misc":{"Est. reading time":"6 minutes"},"schema":{"@context":"https:\/\/schema.org","@graph":[{"@type":"WebPage","@id":"https:\/\/m2apartners.cz\/en\/services\/labour-law\/","url":"https:\/\/m2apartners.cz\/en\/services\/labour-law\/","name":"Labour law - m2apartners.cz","isPartOf":{"@id":"https:\/\/m2apartners.cz\/en\/#website"},"primaryImageOfPage":{"@id":"https:\/\/m2apartners.cz\/en\/services\/labour-law\/#primaryimage"},"image":{"@id":"https:\/\/m2apartners.cz\/en\/services\/labour-law\/#primaryimage"},"thumbnailUrl":"https:\/\/m2apartners.cz\/wp-content\/uploads\/2025\/03\/icon-about-us.svg","datePublished":"2025-03-03T19:35:58+00:00","dateModified":"2025-03-27T16:04:30+00:00","breadcrumb":{"@id":"https:\/\/m2apartners.cz\/en\/services\/labour-law\/#breadcrumb"},"inLanguage":"en-US","potentialAction":[{"@type":"ReadAction","target":["https:\/\/m2apartners.cz\/en\/services\/labour-law\/"]}]},{"@type":"ImageObject","inLanguage":"en-US","@id":"https:\/\/m2apartners.cz\/en\/services\/labour-law\/#primaryimage","url":"https:\/\/m2apartners.cz\/wp-content\/uploads\/2025\/03\/icon-about-us.svg","contentUrl":"https:\/\/m2apartners.cz\/wp-content\/uploads\/2025\/03\/icon-about-us.svg"},{"@type":"BreadcrumbList","@id":"https:\/\/m2apartners.cz\/en\/services\/labour-law\/#breadcrumb","itemListElement":[{"@type":"ListItem","position":1,"name":"Home","item":"https:\/\/m2apartners.cz\/en\/"},{"@type":"ListItem","position":2,"name":"Services","item":"https:\/\/m2apartners.cz\/en\/sluzby\/"},{"@type":"ListItem","position":3,"name":"Labour law"}]},{"@type":"WebSite","@id":"https:\/\/m2apartners.cz\/en\/#website","url":"https:\/\/m2apartners.cz\/en\/","name":"m2apartners.cz","description":"We focus on providing legal services to clients in the pharmaceutical and medical device industries, in corporate matters, in connection with the setting up of internal processes, in matters of zoning and construction law proceedings, in general practice, especially general contract, real estate, family and employment law.","publisher":{"@id":"https:\/\/m2apartners.cz\/en\/#organization"},"potentialAction":[{"@type":"SearchAction","target":{"@type":"EntryPoint","urlTemplate":"https:\/\/m2apartners.cz\/en\/?s={search_term_string}"},"query-input":{"@type":"PropertyValueSpecification","valueRequired":true,"valueName":"search_term_string"}}],"inLanguage":"en-US"},{"@type":"Organization","@id":"https:\/\/m2apartners.cz\/en\/#organization","name":"M2A Partners","url":"https:\/\/m2apartners.cz\/en\/","logo":{"@type":"ImageObject","inLanguage":"en-US","@id":"https:\/\/m2apartners.cz\/en\/#\/schema\/logo\/image\/","url":"https:\/\/m2apartners.cz\/wp-content\/uploads\/2025\/03\/cropped-cropped-FAV_512x512.png","contentUrl":"https:\/\/m2apartners.cz\/wp-content\/uploads\/2025\/03\/cropped-cropped-FAV_512x512.png","width":512,"height":512,"caption":"M2A Partners"},"image":{"@id":"https:\/\/m2apartners.cz\/en\/#\/schema\/logo\/image\/"}}]}},"_links":{"self":[{"href":"https:\/\/m2apartners.cz\/en\/wp-json\/wp\/v2\/pages\/5872","targetHints":{"allow":["GET"]}}],"collection":[{"href":"https:\/\/m2apartners.cz\/en\/wp-json\/wp\/v2\/pages"}],"about":[{"href":"https:\/\/m2apartners.cz\/en\/wp-json\/wp\/v2\/types\/page"}],"author":[{"embeddable":true,"href":"https:\/\/m2apartners.cz\/en\/wp-json\/wp\/v2\/users\/1"}],"replies":[{"embeddable":true,"href":"https:\/\/m2apartners.cz\/en\/wp-json\/wp\/v2\/comments?post=5872"}],"version-history":[{"count":2,"href":"https:\/\/m2apartners.cz\/en\/wp-json\/wp\/v2\/pages\/5872\/revisions"}],"predecessor-version":[{"id":5905,"href":"https:\/\/m2apartners.cz\/en\/wp-json\/wp\/v2\/pages\/5872\/revisions\/5905"}],"up":[{"embeddable":true,"href":"https:\/\/m2apartners.cz\/en\/wp-json\/wp\/v2\/pages\/5842"}],"wp:attachment":[{"href":"https:\/\/m2apartners.cz\/en\/wp-json\/wp\/v2\/media?parent=5872"}],"curies":[{"name":"wp","href":"https:\/\/api.w.org\/{rel}","templated":true}]}}