{"id":5896,"date":"2025-03-08T22:16:51","date_gmt":"2025-03-08T21:16:51","guid":{"rendered":"https:\/\/m2apartners.cz\/team\/mgr-martin-dymacek-ll-m\/"},"modified":"2025-03-31T19:26:16","modified_gmt":"2025-03-31T17:26:16","slug":"mgr-martin-dymacek-ll-m","status":"publish","type":"page","link":"https:\/\/m2apartners.cz\/en\/team\/mgr-martin-dymacek-ll-m\/","title":{"rendered":"Mgr. Martin Dym\u00e1\u010dek, LL. M."},"content":{"rendered":"<p>[et_pb_section fb_built=&#8221;1&#8243; _builder_version=&#8221;4.27.4&#8243; _module_preset=&#8221;default&#8221; background_color=&#8221;rgba(11,32,58,0.91)&#8221; background_image=&#8221;https:\/\/m2apartners.cz\/wp-content\/uploads\/2022\/08\/header-image-10-scaled-1.jpg&#8221; background_blend=&#8221;color-dodge&#8221; z_index=&#8221;2&#8243; custom_padding=&#8221;||0px||false|false&#8221; filter_saturate=&#8221;90%&#8221; global_colors_info=&#8221;{}&#8221;][et_pb_row column_structure=&#8221;1_3,2_3&#8243; _builder_version=&#8221;4.27.4&#8243; _module_preset=&#8221;default&#8221; global_colors_info=&#8221;{}&#8221;][et_pb_column type=&#8221;1_3&#8243; _builder_version=&#8221;4.27.4&#8243; _module_preset=&#8221;default&#8221; global_colors_info=&#8221;{}&#8221;][et_pb_image src=&#8221;https:\/\/m2apartners.cz\/wp-content\/uploads\/2022\/08\/Martin-Dymacek.png&#8221; title_text=&#8221;Martin Dymacek&#8221; align=&#8221;center&#8221; _builder_version=&#8221;4.27.4&#8243; _module_preset=&#8221;default&#8221; max_width=&#8221;250px&#8221; custom_margin=&#8221;||-94px||false|false&#8221; custom_margin_tablet=&#8221;||0px||false|false&#8221; custom_margin_phone=&#8221;||0px||false|false&#8221; custom_margin_last_edited=&#8221;on|phone&#8221; border_radii=&#8221;on|300px|300px|300px|300px&#8221; global_colors_info=&#8221;{}&#8221;][\/et_pb_image][\/et_pb_column][et_pb_column type=&#8221;2_3&#8243; _builder_version=&#8221;4.27.4&#8243; _module_preset=&#8221;default&#8221; global_colors_info=&#8221;{}&#8221;][et_pb_text _builder_version=&#8221;4.27.4&#8243; _module_preset=&#8221;default&#8221; text_font=&#8221;|||on|||||&#8221; text_letter_spacing=&#8221;2px&#8221; custom_margin=&#8221;||8px||false|false&#8221; hover_enabled=&#8221;0&#8243; locked=&#8221;off&#8221; global_colors_info=&#8221;{}&#8221; sticky_enabled=&#8221;0&#8243;]<\/p>\n<p><span style=\"color: #cab956;\"><b>Managing partner<\/b><\/span><\/p>\n<p>[\/et_pb_text][et_pb_text _builder_version=&#8221;4.27.4&#8243; _module_preset=&#8221;default&#8221; header_font=&#8221;|800|||||||&#8221; header_text_color=&#8221;#FFFFFF&#8221; header_font_size=&#8221;40px&#8221; header_font_size_tablet=&#8221;40px&#8221; header_font_size_phone=&#8221;20px&#8221; header_font_size_last_edited=&#8221;on|phone&#8221; global_colors_info=&#8221;{}&#8221;]<\/p>\n<h1>Mgr. Martin Dym\u00e1\u010dek, LL. M.  <\/h1>\n<p>[\/et_pb_text][et_pb_text content_tablet=&#8221;<\/p>\n<p><img src=%22https:\/\/m2apartners.cz\/wp-content\/uploads\/2025\/03\/icon-phone-accent.svg%22 width=%2230%22 height=%2230%22 alt=%22%22 class=%22wp-image-4365 alignnone size-medium%22 \/> <span style=%22color: #ffffff;%22><strong><span style=%22color: #ffffff;%22><a href=%22tel:+420735800088%22 style=%22color: #ffffff;%22>+420 735 800 088 <\/a><\/span> <img src=%22https:\/\/m2apartners.cz\/wp-content\/uploads\/2025\/03\/icon-email-theme-zluta.webp%22 width=%2230%22 height=%2221%22 alt=%22%22 class=%22wp-image-4956 alignnone size-full%22 \/> <span style=%22color: #ffffff;%22><a href=%22mailto:dymacek@m2apartners.cz%22 style=%22color: #ffffff;%22>dymacek@m2apartners.cz<\/a><\/span><\/strong><\/span><\/p>\n<p>&#8221; content_phone=&#8221;<\/p>\n<p><img src=%22https:\/\/m2apartners.cz\/wp-content\/uploads\/2025\/03\/icon-phone-accent.svg%22 width=%2230%22 height=%2230%22 alt=%22%22 class=%22wp-image-4365 alignnone size-medium%22> <span style=%22color: #ffffff;%22><strong><span style=%22color: #ffffff;%22><a href=%22tel:+420735800088%22 style=%22color: #ffffff;%22>+420 735 800 088<\/a><\/span><\/strong><\/span><\/p>\n<p><span style=%22color: #ffffff;%22><strong><img src=%22https:\/\/m2apartners.cz\/wp-content\/uploads\/2025\/03\/icon-email-theme-zluta.webp%22 width=%2230%22 height=%2221%22 alt=%22%22 class=%22wp-image-4956 alignnone size-full%22> <span style=%22color: #ffffff;%22><a href=%22mailto:dymacek@m2apartners.cz%22 style=%22color: #ffffff;%22>dymacek@m2apartners.cz<\/a><\/span><\/strong><\/span><\/p>\n<p>&#8221; content_last_edited=&#8221;on|phone&#8221; _builder_version=&#8221;4.27.4&#8243; _module_preset=&#8221;default&#8221; global_colors_info=&#8221;{}&#8221; content__hover_enabled=&#8221;off|desktop&#8221; content__hover=&#8221;<\/p>\n<p><span style=%22color: #ffffff;%22><strong><\/strong><\/span><\/p>\n<p><strong> <\/strong><\/p>\n<p><strong><\/strong><\/p>\n<p>&#8220;]<\/p>\n<p><img loading=\"lazy\" decoding=\"async\" src=\"https:\/\/m2apartners.cz\/wp-content\/uploads\/2025\/03\/icon-phone-accent.svg\" width=\"30\" height=\"30\" alt=\"\" class=\"wp-image-4365 alignnone size-medium\">    <span style=\"color: #ffffff;\"><strong><span style=\"color: #ffffff;\"><a href=\"tel:+420735800088\" style=\"color: #ffffff;\">+420 735 800 088<\/a><\/span>        <img loading=\"lazy\" decoding=\"async\" src=\"https:\/\/m2apartners.cz\/wp-content\/uploads\/2025\/03\/icon-email-theme-zluta.webp\" width=\"30\" height=\"21\" alt=\"\" class=\"wp-image-4956 alignnone size-full\">    <span style=\"color: #ffffff;\"><a href=\"mailto:dymacek@m2apartners.cz\" style=\"color: #ffffff;\">dymacek@m2apartners.cz<\/a><\/span><\/strong><\/span><\/p>\n<p>[\/et_pb_text][\/et_pb_column][\/et_pb_row][\/et_pb_section][et_pb_section fb_built=&#8221;1&#8243; custom_padding_last_edited=&#8221;on|phone&#8221; _builder_version=&#8221;4.27.4&#8243; _module_preset=&#8221;default&#8221; custom_padding=&#8221;0px||0px||false|false&#8221; custom_padding_tablet=&#8221;0px||0px||false|false&#8221; custom_padding_phone=&#8221;0px||0px||false|false&#8221; global_colors_info=&#8221;{}&#8221;][et_pb_row column_structure=&#8221;1_3,1_3,1_3&#8243; _builder_version=&#8221;4.27.4&#8243; _module_preset=&#8221;default&#8221; global_colors_info=&#8221;{}&#8221;][et_pb_column type=&#8221;1_3&#8243; disabled_on=&#8221;on|on|off&#8221; _builder_version=&#8221;4.27.4&#8243; _module_preset=&#8221;default&#8221; global_colors_info=&#8221;{}&#8221;][\/et_pb_column][et_pb_column type=&#8221;1_3&#8243; _builder_version=&#8221;4.27.4&#8243; _module_preset=&#8221;default&#8221; global_colors_info=&#8221;{}&#8221;][et_pb_text _builder_version=&#8221;4.27.4&#8243; _module_preset=&#8221;default&#8221; global_colors_info=&#8221;{}&#8221;]<\/p>\n<p><strong>ID:<\/strong> 67529763<br \/> DIC<strong>:<\/strong> CZ8004134391<\/p>\n<p>[\/et_pb_text][\/et_pb_column][et_pb_column type=&#8221;1_3&#8243; _builder_version=&#8221;4.27.4&#8243; _module_preset=&#8221;default&#8221; global_colors_info=&#8221;{}&#8221;][et_pb_text _builder_version=&#8221;4.27.4&#8243; _module_preset=&#8221;default&#8221; global_colors_info=&#8221;{}&#8221;]<\/p>\n<p>CAK No.: <strong>14713<\/strong><br \/>Mailbox ID: <strong>zqzqmpx<\/strong> <\/p>\n<p>[\/et_pb_text][\/et_pb_column][\/et_pb_row][\/et_pb_section][et_pb_section fb_built=&#8221;1&#8243; _builder_version=&#8221;4.27.4&#8243; _module_preset=&#8221;default&#8221; custom_padding=&#8221;0px||0px||true|false&#8221; global_colors_info=&#8221;{}&#8221;][et_pb_row custom_padding_last_edited=&#8221;on|phone&#8221; _builder_version=&#8221;4.27.4&#8243; _module_preset=&#8221;default&#8221; max_width=&#8221;1100px&#8221; custom_padding=&#8221;|||50px|false|false&#8221; custom_padding_tablet=&#8221;|||50px|false|false&#8221; custom_padding_phone=&#8221;|||20px|false|false&#8221; border_width_left=&#8221;1px&#8221; border_color_left=&#8221;#CAB956&#8243; global_colors_info=&#8221;{}&#8221;][et_pb_column type=&#8221;4_4&#8243; _builder_version=&#8221;4.27.4&#8243; _module_preset=&#8221;default&#8221; global_colors_info=&#8221;{}&#8221;][et_pb_text _builder_version=&#8221;4.27.4&#8243; _module_preset=&#8221;default&#8221; global_colors_info=&#8221;{}&#8221;]<\/p>\n<p class=\"has-text-align-left\" data-ninja-font=\"montserrat_thin_normal_tw9ud\">He graduated from the Faculty of Law at Masaryk University in Brno in 2003 and received his LL.M. degree from Stockholm University in 2005. For five years he worked as an in-house lawyer at one of the largest Czech banks, focusing on litigation and arbitration. He also gained experience in leading Prague law firms specialising in real estate and life science (pharmaceutical and medical device law). Since 2015 he has been practicing law in his own law firm in close cooperation with Martin and Alena. Together they decided to join forces and from 2022 they will act under the joint brand M2A Partners.     <\/p>\n<p class=\"has-text-align-left\" data-ninja-font=\"montserrat_thin_normal_tw9ud\">Martin&#8217;s domain is public health insurance issues (medicines, medical devices), representing clients before administrative authorities and courts, as well as providing general legal services according to clients&#8217; needs. He is also intensively involved in land-use planning and construction law, in which he has practical experience from the position of investors, municipalities and individual owners. Martin served for many years as a&nbsp;councillor and from 2018 to 2022 also as a&nbsp;deputy mayor of the municipality of Husinec, when he was mainly responsible for the preparation of the new zoning plan and negotiations with residential developers.  <\/p>\n<p>[\/et_pb_text][\/et_pb_column][\/et_pb_row][et_pb_row _builder_version=&#8221;4.27.4&#8243; _module_preset=&#8221;default&#8221; max_width=&#8221;1100px&#8221; global_colors_info=&#8221;{}&#8221;][et_pb_column type=&#8221;4_4&#8243; _builder_version=&#8221;4.27.4&#8243; _module_preset=&#8221;default&#8221; global_colors_info=&#8221;{}&#8221;][et_pb_text _builder_version=&#8221;4.27.4&#8243; _module_preset=&#8221;default&#8221; text_font=&#8221;|700||on|on||||&#8221; text_text_color=&#8221;#000000&#8243; text_font_size=&#8221;14px&#8221; text_letter_spacing=&#8221;6px&#8221; custom_margin=&#8221;||8px||false|false&#8221; global_colors_info=&#8221;{}&#8221;]<\/p>\n<p><span style=\"color: #000000;\"><a href=\"https:\/\/m2apartners.cz\/en\/team\/\" style=\"color: #000000;\">Back to the whole team<\/a><\/span><\/p>\n<p>[\/et_pb_text][\/et_pb_column][\/et_pb_row][\/et_pb_section]<\/p>\n","protected":false},"excerpt":{"rendered":"<p>Managing partnerMgr. Martin Dym\u00e1\u010dek, LL. M. +420 735 800 088 dymacek@m2apartners.czID: 67529763 DIC: CZ8004134391CAK No.: 14713Mailbox ID: zqzqmpx He graduated from the Faculty of Law at Masaryk University in Brno in 2003 and received his LL.M. degree from Stockholm University in 2005. For five years he worked as an in-house lawyer at one of the [&hellip;]<\/p>\n","protected":false},"author":1,"featured_media":0,"parent":5852,"menu_order":0,"comment_status":"closed","ping_status":"closed","template":"","meta":{"_et_pb_use_builder":"on","_et_pb_old_content":"","_et_gb_content_width":"","inline_featured_image":false,"footnotes":""},"class_list":["post-5896","page","type-page","status-publish","hentry"],"yoast_head":"<!-- This site is optimized with the Yoast SEO plugin v27.3 - https:\/\/yoast.com\/product\/yoast-seo-wordpress\/ -->\n<title>Mgr. Martin Dym\u00e1\u010dek, LL. M. - m2apartners.cz<\/title>\n<meta name=\"robots\" content=\"index, follow, max-snippet:-1, max-image-preview:large, max-video-preview:-1\" \/>\n<link rel=\"canonical\" href=\"https:\/\/m2apartners.cz\/en\/team\/mgr-martin-dymacek-ll-m\/\" \/>\n<meta property=\"og:locale\" content=\"en_US\" \/>\n<meta property=\"og:type\" content=\"article\" \/>\n<meta property=\"og:title\" content=\"Mgr. Martin Dym\u00e1\u010dek, LL. M. - m2apartners.cz\" \/>\n<meta property=\"og:description\" content=\"Managing partnerMgr. Martin Dym\u00e1\u010dek, LL. M. +420 735 800 088 dymacek@m2apartners.czID: 67529763 DIC: CZ8004134391CAK No.: 14713Mailbox ID: zqzqmpx He graduated from the Faculty of Law at Masaryk University in Brno in 2003 and received his LL.M. degree from Stockholm University in 2005. For five years he worked as an in-house lawyer at one of the [&hellip;]\" \/>\n<meta property=\"og:url\" content=\"https:\/\/m2apartners.cz\/en\/team\/mgr-martin-dymacek-ll-m\/\" \/>\n<meta property=\"og:site_name\" content=\"m2apartners.cz\" \/>\n<meta property=\"article:modified_time\" content=\"2025-03-31T17:26:16+00:00\" \/>\n<meta property=\"og:image\" content=\"https:\/\/m2apartners.cz\/wp-content\/uploads\/2025\/03\/icon-phone-accent.svg\" \/>\n<meta name=\"twitter:card\" content=\"summary_large_image\" \/>\n<meta name=\"twitter:label1\" content=\"Est. reading time\" \/>\n\t<meta name=\"twitter:data1\" content=\"4 minutes\" \/>\n<script type=\"application\/ld+json\" class=\"yoast-schema-graph\">{\"@context\":\"https:\\\/\\\/schema.org\",\"@graph\":[{\"@type\":\"WebPage\",\"@id\":\"https:\\\/\\\/m2apartners.cz\\\/en\\\/team\\\/mgr-martin-dymacek-ll-m\\\/\",\"url\":\"https:\\\/\\\/m2apartners.cz\\\/en\\\/team\\\/mgr-martin-dymacek-ll-m\\\/\",\"name\":\"Mgr. Martin Dym\u00e1\u010dek, LL. M. - m2apartners.cz\",\"isPartOf\":{\"@id\":\"https:\\\/\\\/m2apartners.cz\\\/en\\\/#website\"},\"primaryImageOfPage\":{\"@id\":\"https:\\\/\\\/m2apartners.cz\\\/en\\\/team\\\/mgr-martin-dymacek-ll-m\\\/#primaryimage\"},\"image\":{\"@id\":\"https:\\\/\\\/m2apartners.cz\\\/en\\\/team\\\/mgr-martin-dymacek-ll-m\\\/#primaryimage\"},\"thumbnailUrl\":\"https:\\\/\\\/m2apartners.cz\\\/wp-content\\\/uploads\\\/2025\\\/03\\\/icon-phone-accent.svg\",\"datePublished\":\"2025-03-08T21:16:51+00:00\",\"dateModified\":\"2025-03-31T17:26:16+00:00\",\"breadcrumb\":{\"@id\":\"https:\\\/\\\/m2apartners.cz\\\/en\\\/team\\\/mgr-martin-dymacek-ll-m\\\/#breadcrumb\"},\"inLanguage\":\"en-US\",\"potentialAction\":[{\"@type\":\"ReadAction\",\"target\":[\"https:\\\/\\\/m2apartners.cz\\\/en\\\/team\\\/mgr-martin-dymacek-ll-m\\\/\"]}]},{\"@type\":\"ImageObject\",\"inLanguage\":\"en-US\",\"@id\":\"https:\\\/\\\/m2apartners.cz\\\/en\\\/team\\\/mgr-martin-dymacek-ll-m\\\/#primaryimage\",\"url\":\"https:\\\/\\\/m2apartners.cz\\\/wp-content\\\/uploads\\\/2025\\\/03\\\/icon-phone-accent.svg\",\"contentUrl\":\"https:\\\/\\\/m2apartners.cz\\\/wp-content\\\/uploads\\\/2025\\\/03\\\/icon-phone-accent.svg\"},{\"@type\":\"BreadcrumbList\",\"@id\":\"https:\\\/\\\/m2apartners.cz\\\/en\\\/team\\\/mgr-martin-dymacek-ll-m\\\/#breadcrumb\",\"itemListElement\":[{\"@type\":\"ListItem\",\"position\":1,\"name\":\"Home\",\"item\":\"https:\\\/\\\/m2apartners.cz\\\/en\\\/\"},{\"@type\":\"ListItem\",\"position\":2,\"name\":\"Team\",\"item\":\"https:\\\/\\\/m2apartners.cz\\\/en\\\/tym\\\/\"},{\"@type\":\"ListItem\",\"position\":3,\"name\":\"Mgr. Martin Dym\u00e1\u010dek, LL. M.\"}]},{\"@type\":\"WebSite\",\"@id\":\"https:\\\/\\\/m2apartners.cz\\\/en\\\/#website\",\"url\":\"https:\\\/\\\/m2apartners.cz\\\/en\\\/\",\"name\":\"m2apartners.cz\",\"description\":\"We focus on providing legal services to clients in the pharmaceutical and medical device industries, in corporate matters, in connection with the setting up of internal processes, in matters of zoning and construction law proceedings, in general practice, especially general contract, real estate, family and employment law.\",\"publisher\":{\"@id\":\"https:\\\/\\\/m2apartners.cz\\\/en\\\/#organization\"},\"potentialAction\":[{\"@type\":\"SearchAction\",\"target\":{\"@type\":\"EntryPoint\",\"urlTemplate\":\"https:\\\/\\\/m2apartners.cz\\\/en\\\/?s={search_term_string}\"},\"query-input\":{\"@type\":\"PropertyValueSpecification\",\"valueRequired\":true,\"valueName\":\"search_term_string\"}}],\"inLanguage\":\"en-US\"},{\"@type\":\"Organization\",\"@id\":\"https:\\\/\\\/m2apartners.cz\\\/en\\\/#organization\",\"name\":\"M2A Partners\",\"url\":\"https:\\\/\\\/m2apartners.cz\\\/en\\\/\",\"logo\":{\"@type\":\"ImageObject\",\"inLanguage\":\"en-US\",\"@id\":\"https:\\\/\\\/m2apartners.cz\\\/en\\\/#\\\/schema\\\/logo\\\/image\\\/\",\"url\":\"https:\\\/\\\/m2apartners.cz\\\/wp-content\\\/uploads\\\/2025\\\/03\\\/cropped-cropped-FAV_512x512.png\",\"contentUrl\":\"https:\\\/\\\/m2apartners.cz\\\/wp-content\\\/uploads\\\/2025\\\/03\\\/cropped-cropped-FAV_512x512.png\",\"width\":512,\"height\":512,\"caption\":\"M2A Partners\"},\"image\":{\"@id\":\"https:\\\/\\\/m2apartners.cz\\\/en\\\/#\\\/schema\\\/logo\\\/image\\\/\"}}]}<\/script>\n<!-- \/ Yoast SEO plugin. -->","yoast_head_json":{"title":"Mgr. Martin Dym\u00e1\u010dek, LL. M. - m2apartners.cz","robots":{"index":"index","follow":"follow","max-snippet":"max-snippet:-1","max-image-preview":"max-image-preview:large","max-video-preview":"max-video-preview:-1"},"canonical":"https:\/\/m2apartners.cz\/en\/team\/mgr-martin-dymacek-ll-m\/","og_locale":"en_US","og_type":"article","og_title":"Mgr. Martin Dym\u00e1\u010dek, LL. M. - m2apartners.cz","og_description":"Managing partnerMgr. Martin Dym\u00e1\u010dek, LL. M. +420 735 800 088 dymacek@m2apartners.czID: 67529763 DIC: CZ8004134391CAK No.: 14713Mailbox ID: zqzqmpx He graduated from the Faculty of Law at Masaryk University in Brno in 2003 and received his LL.M. degree from Stockholm University in 2005. For five years he worked as an in-house lawyer at one of the [&hellip;]","og_url":"https:\/\/m2apartners.cz\/en\/team\/mgr-martin-dymacek-ll-m\/","og_site_name":"m2apartners.cz","article_modified_time":"2025-03-31T17:26:16+00:00","og_image":[{"url":"https:\/\/m2apartners.cz\/wp-content\/uploads\/2025\/03\/icon-phone-accent.svg","type":"","width":"","height":""}],"twitter_card":"summary_large_image","twitter_misc":{"Est. reading time":"4 minutes"},"schema":{"@context":"https:\/\/schema.org","@graph":[{"@type":"WebPage","@id":"https:\/\/m2apartners.cz\/en\/team\/mgr-martin-dymacek-ll-m\/","url":"https:\/\/m2apartners.cz\/en\/team\/mgr-martin-dymacek-ll-m\/","name":"Mgr. Martin Dym\u00e1\u010dek, LL. M. - m2apartners.cz","isPartOf":{"@id":"https:\/\/m2apartners.cz\/en\/#website"},"primaryImageOfPage":{"@id":"https:\/\/m2apartners.cz\/en\/team\/mgr-martin-dymacek-ll-m\/#primaryimage"},"image":{"@id":"https:\/\/m2apartners.cz\/en\/team\/mgr-martin-dymacek-ll-m\/#primaryimage"},"thumbnailUrl":"https:\/\/m2apartners.cz\/wp-content\/uploads\/2025\/03\/icon-phone-accent.svg","datePublished":"2025-03-08T21:16:51+00:00","dateModified":"2025-03-31T17:26:16+00:00","breadcrumb":{"@id":"https:\/\/m2apartners.cz\/en\/team\/mgr-martin-dymacek-ll-m\/#breadcrumb"},"inLanguage":"en-US","potentialAction":[{"@type":"ReadAction","target":["https:\/\/m2apartners.cz\/en\/team\/mgr-martin-dymacek-ll-m\/"]}]},{"@type":"ImageObject","inLanguage":"en-US","@id":"https:\/\/m2apartners.cz\/en\/team\/mgr-martin-dymacek-ll-m\/#primaryimage","url":"https:\/\/m2apartners.cz\/wp-content\/uploads\/2025\/03\/icon-phone-accent.svg","contentUrl":"https:\/\/m2apartners.cz\/wp-content\/uploads\/2025\/03\/icon-phone-accent.svg"},{"@type":"BreadcrumbList","@id":"https:\/\/m2apartners.cz\/en\/team\/mgr-martin-dymacek-ll-m\/#breadcrumb","itemListElement":[{"@type":"ListItem","position":1,"name":"Home","item":"https:\/\/m2apartners.cz\/en\/"},{"@type":"ListItem","position":2,"name":"Team","item":"https:\/\/m2apartners.cz\/en\/tym\/"},{"@type":"ListItem","position":3,"name":"Mgr. Martin Dym\u00e1\u010dek, LL. M."}]},{"@type":"WebSite","@id":"https:\/\/m2apartners.cz\/en\/#website","url":"https:\/\/m2apartners.cz\/en\/","name":"m2apartners.cz","description":"We focus on providing legal services to clients in the pharmaceutical and medical device industries, in corporate matters, in connection with the setting up of internal processes, in matters of zoning and construction law proceedings, in general practice, especially general contract, real estate, family and employment law.","publisher":{"@id":"https:\/\/m2apartners.cz\/en\/#organization"},"potentialAction":[{"@type":"SearchAction","target":{"@type":"EntryPoint","urlTemplate":"https:\/\/m2apartners.cz\/en\/?s={search_term_string}"},"query-input":{"@type":"PropertyValueSpecification","valueRequired":true,"valueName":"search_term_string"}}],"inLanguage":"en-US"},{"@type":"Organization","@id":"https:\/\/m2apartners.cz\/en\/#organization","name":"M2A Partners","url":"https:\/\/m2apartners.cz\/en\/","logo":{"@type":"ImageObject","inLanguage":"en-US","@id":"https:\/\/m2apartners.cz\/en\/#\/schema\/logo\/image\/","url":"https:\/\/m2apartners.cz\/wp-content\/uploads\/2025\/03\/cropped-cropped-FAV_512x512.png","contentUrl":"https:\/\/m2apartners.cz\/wp-content\/uploads\/2025\/03\/cropped-cropped-FAV_512x512.png","width":512,"height":512,"caption":"M2A Partners"},"image":{"@id":"https:\/\/m2apartners.cz\/en\/#\/schema\/logo\/image\/"}}]}},"_links":{"self":[{"href":"https:\/\/m2apartners.cz\/en\/wp-json\/wp\/v2\/pages\/5896","targetHints":{"allow":["GET"]}}],"collection":[{"href":"https:\/\/m2apartners.cz\/en\/wp-json\/wp\/v2\/pages"}],"about":[{"href":"https:\/\/m2apartners.cz\/en\/wp-json\/wp\/v2\/types\/page"}],"author":[{"embeddable":true,"href":"https:\/\/m2apartners.cz\/en\/wp-json\/wp\/v2\/users\/1"}],"replies":[{"embeddable":true,"href":"https:\/\/m2apartners.cz\/en\/wp-json\/wp\/v2\/comments?post=5896"}],"version-history":[{"count":2,"href":"https:\/\/m2apartners.cz\/en\/wp-json\/wp\/v2\/pages\/5896\/revisions"}],"predecessor-version":[{"id":6325,"href":"https:\/\/m2apartners.cz\/en\/wp-json\/wp\/v2\/pages\/5896\/revisions\/6325"}],"up":[{"embeddable":true,"href":"https:\/\/m2apartners.cz\/en\/wp-json\/wp\/v2\/pages\/5852"}],"wp:attachment":[{"href":"https:\/\/m2apartners.cz\/en\/wp-json\/wp\/v2\/media?parent=5896"}],"curies":[{"name":"wp","href":"https:\/\/api.w.org\/{rel}","templated":true}]}}